{"id":4439,"date":"2021-10-12T16:27:24","date_gmt":"2021-10-12T16:27:24","guid":{"rendered":"http:\/\/dummy.xtemos.com\/woodmart2\/elementor\/?page_id=4439"},"modified":"2022-03-18T18:23:17","modified_gmt":"2022-03-18T18:23:17","slug":"contact-us","status":"publish","type":"page","link":"https:\/\/fajasmelibeltstore.com\/index.php\/contact-us\/","title":{"rendered":"Contact us"},"content":{"rendered":"<style>\/*! elementor - v3.5.6 - 28-02-2022 *\/\n.elementor-widget-google_maps .elementor-widget-container{overflow:hidden}.elementor-widget-google_maps iframe{height:300px}<\/style>\n<p>\t\t\t<iframe frameborder=\"0\" scrolling=\"no\" marginheight=\"0\" marginwidth=\"0\"\n\t\t\t\t\tsrc=\"https:\/\/maps.google.com\/maps?q=NEW%20JERSY&#038;t=m&#038;z=8&#038;output=embed&#038;iwloc=near\"\n\t\t\t\t\ttitle=\"NEW JERSY\"\n\t\t\t\t\taria-label=\"NEW JERSY\"\n\t\t\t><\/iframe>\n\t\t\t\t\t\t<link rel=\"stylesheet\" id=\"wd-section-title-css\" href=\"https:\/\/fajasmelibeltstore.com\/wp-content\/themes\/woodmart\/css\/parts\/el-section-title.min.css?ver=6.3.1\" type=\"text\/css\" media=\"all\" \/>\n\t\t\t\t\tTE ESCUCHAMOS SIEMPRE\t\t\t\t<\/p>\n<h4>INFORMACI\u00d3N GENERAL<\/h4>\n<style>\/*! elementor - v3.5.6 - 28-02-2022 *\/\n@media (min-width:768px){.elementor-widget-icon-box.elementor-position-left .elementor-icon-box-wrapper,.elementor-widget-icon-box.elementor-position-right .elementor-icon-box-wrapper{display:-webkit-box;display:-ms-flexbox;display:flex}.elementor-widget-icon-box.elementor-position-left .elementor-icon-box-icon,.elementor-widget-icon-box.elementor-position-right .elementor-icon-box-icon{display:-webkit-inline-box;display:-ms-inline-flexbox;display:inline-flex;-webkit-box-flex:0;-ms-flex:0 0 auto;flex:0 0 auto}.elementor-widget-icon-box.elementor-position-right .elementor-icon-box-wrapper{text-align:right;-webkit-box-orient:horizontal;-webkit-box-direction:reverse;-ms-flex-direction:row-reverse;flex-direction:row-reverse}.elementor-widget-icon-box.elementor-position-left .elementor-icon-box-wrapper{text-align:left;-webkit-box-orient:horizontal;-webkit-box-direction:normal;-ms-flex-direction:row;flex-direction:row}.elementor-widget-icon-box.elementor-position-top .elementor-icon-box-img{margin:auto}.elementor-widget-icon-box.elementor-vertical-align-top .elementor-icon-box-wrapper{-webkit-box-align:start;-ms-flex-align:start;align-items:flex-start}.elementor-widget-icon-box.elementor-vertical-align-middle .elementor-icon-box-wrapper{-webkit-box-align:center;-ms-flex-align:center;align-items:center}.elementor-widget-icon-box.elementor-vertical-align-bottom .elementor-icon-box-wrapper{-webkit-box-align:end;-ms-flex-align:end;align-items:flex-end}}@media (max-width:767px){.elementor-widget-icon-box .elementor-icon-box-icon{margin-left:auto!important;margin-right:auto!important;margin-bottom:15px}}.elementor-widget-icon-box .elementor-icon-box-wrapper{text-align:center}.elementor-widget-icon-box .elementor-icon-box-title a{color:inherit}.elementor-widget-icon-box .elementor-icon-box-content{-webkit-box-flex:1;-ms-flex-positive:1;flex-grow:1}.elementor-widget-icon-box .elementor-icon-box-description{margin:0}<\/style>\n<p>\t\t\t\t<a href=\"tel:+1%20(908)%20463-1746\"><br \/>\n\t\t\t\t\t\t\t\t<\/a><\/p>\n<h3>\n\t\t\t\t\t<a href=\"tel:+1%20(908)%20463-1746\" ><br \/>\n\t\t\t\t\t\tLL\u00c1MANOS\t\t\t\t\t<\/a><br \/>\n\t\t\t\t<\/h3>\n<p>\n\t\t\t\t\t\t+1 (908) 463-1746\t\t\t\t\t<\/p>\n<p>\t\t\t\t\tDUDAS?\t\t\t\t<\/p>\n<h4>CONT\u00c1CTANOS<\/h4>\n<p role=\"status\" aria-live=\"polite\" aria-atomic=\"true\">\n<ul><\/ul>\n<form action=\"\/wp-admin\/admin-ajax.php#wpcf7-f1572-o1\" method=\"post\" novalidate=\"novalidate\" data-status=\"init\">\n<input type=\"hidden\" name=\"_wpcf7\" value=\"1572\" \/><br \/>\n<input type=\"hidden\" name=\"_wpcf7_version\" value=\"5.5.6\" \/><br \/>\n<input type=\"hidden\" name=\"_wpcf7_locale\" value=\"en_US\" \/><br \/>\n<input type=\"hidden\" name=\"_wpcf7_unit_tag\" value=\"wpcf7-f1572-o1\" \/><br \/>\n<input type=\"hidden\" name=\"_wpcf7_container_post\" value=\"0\" \/><br \/>\n<input type=\"hidden\" name=\"_wpcf7_posted_data_hash\" value=\"\" \/><\/p>\n<p><label>Your Name<\/label><input type=\"text\" name=\"your-name\" value=\"\" size=\"40\" aria-required=\"true\" aria-invalid=\"false\" \/><\/p>\n<p><label>Your Email<\/label><input type=\"email\" name=\"your-email\" value=\"\" size=\"40\" aria-required=\"true\" aria-invalid=\"false\" \/><\/p>\n<p><label>Phone Number<\/label><input type=\"tel\" name=\"tel-767\" value=\"\" size=\"40\" aria-invalid=\"false\" \/><\/p>\n<p><label>Company<\/label><input type=\"text\" name=\"text-1\" value=\"\" size=\"40\" aria-invalid=\"false\" \/><\/p>\n<p><label>Your Message<\/label><textarea name=\"your-message\" cols=\"40\" rows=\"10\" aria-invalid=\"false\"><\/textarea><\/p>\n<p><input type=\"submit\" value=\"ASK A QUESTION\" \/><\/p>\n<\/form>\n","protected":false},"excerpt":{"rendered":"<p>TE ESCUCHAMOS SIEMPRE INFORMACI\u00d3N GENERAL LL\u00c1MANOS +1 (908) 463-1746 DUDAS? CONT\u00c1CTANOS Your Name Your Email Phone Number Company Your Message<\/p>\n","protected":false},"author":1,"featured_media":0,"parent":0,"menu_order":0,"comment_status":"closed","ping_status":"closed","template":"","meta":{"footnotes":""},"class_list":["post-4439","page","type-page","status-publish","hentry"],"_links":{"self":[{"href":"https:\/\/fajasmelibeltstore.com\/index.php\/wp-json\/wp\/v2\/pages\/4439"}],"collection":[{"href":"https:\/\/fajasmelibeltstore.com\/index.php\/wp-json\/wp\/v2\/pages"}],"about":[{"href":"https:\/\/fajasmelibeltstore.com\/index.php\/wp-json\/wp\/v2\/types\/page"}],"author":[{"embeddable":true,"href":"https:\/\/fajasmelibeltstore.com\/index.php\/wp-json\/wp\/v2\/users\/1"}],"replies":[{"embeddable":true,"href":"https:\/\/fajasmelibeltstore.com\/index.php\/wp-json\/wp\/v2\/comments?post=4439"}],"version-history":[{"count":3,"href":"https:\/\/fajasmelibeltstore.com\/index.php\/wp-json\/wp\/v2\/pages\/4439\/revisions"}],"predecessor-version":[{"id":10424,"href":"https:\/\/fajasmelibeltstore.com\/index.php\/wp-json\/wp\/v2\/pages\/4439\/revisions\/10424"}],"wp:attachment":[{"href":"https:\/\/fajasmelibeltstore.com\/index.php\/wp-json\/wp\/v2\/media?parent=4439"}],"curies":[{"name":"wp","href":"https:\/\/api.w.org\/{rel}","templated":true}]}}